{"id":9,"date":"2015-10-20T16:35:53","date_gmt":"2015-10-20T14:35:53","guid":{"rendered":"https:\/\/www.creytec.com\/sikaneu2\/?page_id=9"},"modified":"2026-03-18T14:37:45","modified_gmt":"2026-03-18T13:37:45","slug":"einfamilienhaeuser","status":"publish","type":"page","link":"https:\/\/www.sika-haus.de\/?page_id=9","title":{"rendered":"Einfamilienh\u00e4user"},"content":{"rendered":"<p>Hier sehen Sie einen kleinen Auszug aus unserem Exposekatalog.<\/p>\n<p>Bitte denken Sie daran, dass jedes Modell individuell ver\u00e4ndert werden kann und wir Ihnen auch gerne Ihr pers\u00f6nliches Traumhaus planen und erstellen k\u00f6nnen.<\/p>\n<p>Fordern Sie auf unserem <a href=\"http:\/\/www.sika-haus.de\/?page_id=29\">Kontaktformular<\/a> kostenlos unseren Exposekatalog an.<\/p>\n<a href=\"https:\/\/www.sika-haus.de\/wp-content\/uploads\/2016\/01\/Expo-H\u00e4user.pdf\" class=\"pdfemb-viewer\" style=\"\" data-width=\"max\" data-height=\"max\" data-toolbar=\"top\" data-toolbar-fixed=\"off\">Expo-H\u00e4user<\/a>\n","protected":false},"excerpt":{"rendered":"<p>Hier sehen Sie einen kleinen Auszug aus unserem Exposekatalog. Bitte denken Sie daran, dass jedes Modell individuell ver\u00e4ndert werden kann und wir Ihnen auch gerne Ihr pers\u00f6nliches Traumhaus planen und erstellen k\u00f6nnen. Fordern Sie auf unserem Kontaktformular kostenlos unseren Exposekatalog an.<\/p>\n","protected":false},"author":1,"featured_media":0,"parent":2,"menu_order":0,"comment_status":"closed","ping_status":"closed","template":"","meta":{"ngg_post_thumbnail":0,"footnotes":""},"class_list":["post-9","page","type-page","status-publish","hentry"],"_links":{"self":[{"href":"https:\/\/www.sika-haus.de\/index.php?rest_route=\/wp\/v2\/pages\/9","targetHints":{"allow":["GET"]}}],"collection":[{"href":"https:\/\/www.sika-haus.de\/index.php?rest_route=\/wp\/v2\/pages"}],"about":[{"href":"https:\/\/www.sika-haus.de\/index.php?rest_route=\/wp\/v2\/types\/page"}],"author":[{"embeddable":true,"href":"https:\/\/www.sika-haus.de\/index.php?rest_route=\/wp\/v2\/users\/1"}],"replies":[{"embeddable":true,"href":"https:\/\/www.sika-haus.de\/index.php?rest_route=%2Fwp%2Fv2%2Fcomments&post=9"}],"version-history":[{"count":23,"href":"https:\/\/www.sika-haus.de\/index.php?rest_route=\/wp\/v2\/pages\/9\/revisions"}],"predecessor-version":[{"id":794,"href":"https:\/\/www.sika-haus.de\/index.php?rest_route=\/wp\/v2\/pages\/9\/revisions\/794"}],"up":[{"embeddable":true,"href":"https:\/\/www.sika-haus.de\/index.php?rest_route=\/wp\/v2\/pages\/2"}],"wp:attachment":[{"href":"https:\/\/www.sika-haus.de\/index.php?rest_route=%2Fwp%2Fv2%2Fmedia&parent=9"}],"curies":[{"name":"wp","href":"https:\/\/api.w.org\/{rel}","templated":true}]}}