{"id":392,"date":"2016-01-29T16:19:35","date_gmt":"2016-01-29T15:19:35","guid":{"rendered":"https:\/\/www.creytec.com\/sikaneu2\/?page_id=392"},"modified":"2026-03-18T14:43:36","modified_gmt":"2026-03-18T13:43:36","slug":"reihenhaeuser","status":"publish","type":"page","link":"https:\/\/www.sika-haus.de\/?page_id=392","title":{"rendered":"Reihenh\u00e4user"},"content":{"rendered":"<p>Hier sehen Sie ein Beispiel f\u00fcr eine Projektierung bzgl. Reihenh\u00e4user.<\/p>\n<p>F\u00fcr aktuelle Projekte, fordern Sie auf unserem <a href=\"http:\/\/www.sika-haus.de\/?page_id=29\">Kontaktformular<\/a> kostenlos Informationen an.<\/p>\n<a href=\"https:\/\/www.sika-haus.de\/wp-content\/uploads\/2016\/02\/Reihenhaus.pdf\" class=\"pdfemb-viewer\" style=\"\" data-width=\"max\" data-height=\"max\" data-toolbar=\"top\" data-toolbar-fixed=\"off\">Reihenhaus<\/a>\n","protected":false},"excerpt":{"rendered":"<p>Hier sehen Sie ein Beispiel f\u00fcr eine Projektierung bzgl. Reihenh\u00e4user. F\u00fcr aktuelle Projekte, fordern Sie auf unserem Kontaktformular kostenlos Informationen an.<\/p>\n","protected":false},"author":1,"featured_media":0,"parent":2,"menu_order":4,"comment_status":"closed","ping_status":"closed","template":"","meta":{"ngg_post_thumbnail":0,"footnotes":""},"class_list":["post-392","page","type-page","status-publish","hentry"],"_links":{"self":[{"href":"https:\/\/www.sika-haus.de\/index.php?rest_route=\/wp\/v2\/pages\/392","targetHints":{"allow":["GET"]}}],"collection":[{"href":"https:\/\/www.sika-haus.de\/index.php?rest_route=\/wp\/v2\/pages"}],"about":[{"href":"https:\/\/www.sika-haus.de\/index.php?rest_route=\/wp\/v2\/types\/page"}],"author":[{"embeddable":true,"href":"https:\/\/www.sika-haus.de\/index.php?rest_route=\/wp\/v2\/users\/1"}],"replies":[{"embeddable":true,"href":"https:\/\/www.sika-haus.de\/index.php?rest_route=%2Fwp%2Fv2%2Fcomments&post=392"}],"version-history":[{"count":8,"href":"https:\/\/www.sika-haus.de\/index.php?rest_route=\/wp\/v2\/pages\/392\/revisions"}],"predecessor-version":[{"id":797,"href":"https:\/\/www.sika-haus.de\/index.php?rest_route=\/wp\/v2\/pages\/392\/revisions\/797"}],"up":[{"embeddable":true,"href":"https:\/\/www.sika-haus.de\/index.php?rest_route=\/wp\/v2\/pages\/2"}],"wp:attachment":[{"href":"https:\/\/www.sika-haus.de\/index.php?rest_route=%2Fwp%2Fv2%2Fmedia&parent=392"}],"curies":[{"name":"wp","href":"https:\/\/api.w.org\/{rel}","templated":true}]}}