{"id":27,"date":"2015-10-20T16:40:21","date_gmt":"2015-10-20T14:40:21","guid":{"rendered":"https:\/\/www.creytec.com\/sikaneu2\/?page_id=27"},"modified":"2021-05-21T17:10:07","modified_gmt":"2021-05-21T15:10:07","slug":"leistungen","status":"publish","type":"page","link":"https:\/\/www.sika-haus.de\/?page_id=27","title":{"rendered":"Leistungen"},"content":{"rendered":"<p>Ihr Team f\u00fcr schl\u00fcsselfertiges Bauen in S\u00fcdwestdeutschland<\/p>\n<p>Die SIKA Massivhaus GmbH ist der Spezialist f\u00fcr schl\u00fcsselfertiges Bauen im s\u00fcdwestdeutschen Raum. SIKA plant und errichtet f\u00fcr Sie : <strong><a href=\"http:\/\/www.sika-haus.de\/?page_id=9\">Einfamilienh\u00e4user<\/a>, <a href=\"http:\/\/www.sika-haus.de\/?page_id=11\">Doppelh\u00e4user<\/a>, <a href=\"http:\/\/www.sika-haus.de\/?page_id=392\">Reihenh\u00e4user<\/a> sowie <a href=\"http:\/\/www.sika-haus.de\/?page_id=9\">Mehrfamilienh\u00e4user.<\/a><\/strong><\/p>\n<p>Wir bauen auf Ihrem vorhandenen Grundst\u00fcck, oder Sie erwerben ein Haus inkl. Grundst\u00fcck von uns. Dabei w\u00e4hlen Sie Ihr Traumhaus aus unserem umfangreichen Hausangebot oder wir planen mit Ihnen Ihr individuelles Haus.<\/p>\n<p>Ob Sie von uns ein Ausbauhaus erstellt haben m\u00f6chten oder beim schl\u00fcsselfertigen Haus nur einige Eigenleistungen selbst ausf\u00fchren wollen, es stehen Ihnen s\u00e4mtliche M\u00f6glichkeiten offen.<\/p>\n<div class=\"mceItemVisualAid\"><img loading=\"lazy\" decoding=\"async\" class=\"alignleft\" src=\"http:\/\/www.sika-haus.de\/wp-content\/uploads\/2016\/03\/content_leistungen_pic.jpg\" alt=\"\" width=\"190\" height=\"238\" border=\"0\" \/><\/div>\n<div class=\"mceItemVisualAid\">\n<ul>\n<li style=\"text-align: left;\"><strong>Individuelle Planung und Beratung<\/strong><\/li>\n<\/ul>\n<ul style=\"text-align: left;\">\n<li><strong>Kompetente Baubetreuung<\/strong><br \/>\n<strong> bis zur Schl\u00fcssel\u00fcbergabe<\/strong><\/li>\n<\/ul>\n<ul>\n<li style=\"text-align: left;\"><strong>Wir setzen ausschlie\u00dflich auf<\/strong><br \/>\n<strong> renommierte Handwerker und<\/strong><br \/>\n<strong> qualitativ hochwertige Baumaterialien<\/strong><\/li>\n<\/ul>\n<\/div>\n<p>&nbsp;<\/p>\n","protected":false},"excerpt":{"rendered":"<p>Ihr Team f\u00fcr schl\u00fcsselfertiges Bauen in S\u00fcdwestdeutschland Die SIKA Massivhaus GmbH ist der Spezialist f\u00fcr schl\u00fcsselfertiges Bauen im s\u00fcdwestdeutschen Raum. SIKA plant und errichtet f\u00fcr Sie : Einfamilienh\u00e4user, Doppelh\u00e4user, Reihenh\u00e4user sowie Mehrfamilienh\u00e4user. Wir bauen auf Ihrem vorhandenen Grundst\u00fcck, oder Sie erwerben ein Haus inkl. Grundst\u00fcck von uns. Dabei w\u00e4hlen Sie Ihr Traumhaus aus unserem umfangreichen [&hellip;]<\/p>\n","protected":false},"author":1,"featured_media":0,"parent":0,"menu_order":2,"comment_status":"closed","ping_status":"closed","template":"","meta":{"ngg_post_thumbnail":0,"footnotes":""},"class_list":["post-27","page","type-page","status-publish","hentry"],"_links":{"self":[{"href":"https:\/\/www.sika-haus.de\/index.php?rest_route=\/wp\/v2\/pages\/27","targetHints":{"allow":["GET"]}}],"collection":[{"href":"https:\/\/www.sika-haus.de\/index.php?rest_route=\/wp\/v2\/pages"}],"about":[{"href":"https:\/\/www.sika-haus.de\/index.php?rest_route=\/wp\/v2\/types\/page"}],"author":[{"embeddable":true,"href":"https:\/\/www.sika-haus.de\/index.php?rest_route=\/wp\/v2\/users\/1"}],"replies":[{"embeddable":true,"href":"https:\/\/www.sika-haus.de\/index.php?rest_route=%2Fwp%2Fv2%2Fcomments&post=27"}],"version-history":[{"count":22,"href":"https:\/\/www.sika-haus.de\/index.php?rest_route=\/wp\/v2\/pages\/27\/revisions"}],"predecessor-version":[{"id":489,"href":"https:\/\/www.sika-haus.de\/index.php?rest_route=\/wp\/v2\/pages\/27\/revisions\/489"}],"wp:attachment":[{"href":"https:\/\/www.sika-haus.de\/index.php?rest_route=%2Fwp%2Fv2%2Fmedia&parent=27"}],"curies":[{"name":"wp","href":"https:\/\/api.w.org\/{rel}","templated":true}]}}