{"id":251,"date":"2016-01-01T15:12:40","date_gmt":"2016-01-01T14:12:40","guid":{"rendered":"https:\/\/www.creytec.com\/sikaneu2\/?page_id=251"},"modified":"2021-05-21T17:26:14","modified_gmt":"2021-05-21T15:26:14","slug":"energieeffizient","status":"publish","type":"page","link":"https:\/\/www.sika-haus.de\/?page_id=251","title":{"rendered":"Haustechnik"},"content":{"rendered":"<p><img loading=\"lazy\" decoding=\"async\" class=\"alignleft size-full wp-image-376\" src=\"http:\/\/www.sika-haus.de\/wp-content\/uploads\/2016\/01\/Viessmann-Wohngebaeude-01.jpg\" alt=\"Viessmann-Wohngebaeude-01\" width=\"1920\" height=\"600\" srcset=\"https:\/\/www.sika-haus.de\/wp-content\/uploads\/2016\/01\/Viessmann-Wohngebaeude-01.jpg 1920w, https:\/\/www.sika-haus.de\/wp-content\/uploads\/2016\/01\/Viessmann-Wohngebaeude-01-300x94.jpg 300w, https:\/\/www.sika-haus.de\/wp-content\/uploads\/2016\/01\/Viessmann-Wohngebaeude-01-768x240.jpg 768w, https:\/\/www.sika-haus.de\/wp-content\/uploads\/2016\/01\/Viessmann-Wohngebaeude-01-1024x320.jpg 1024w\" sizes=\"auto, (max-width: 1920px) 100vw, 1920px\" \/><\/p>\n<p>&nbsp;<\/p>\n<p>In dieser Kategorie stellen wir Ihnen aktuelle und neue Technologien f\u00fcr Ihr Zuhause vor.<\/p>\n<p>Lassen Sie sich inspirieren. Unsere Mitarbeiter stehen Ihnen f\u00fcr eine ausf\u00fchrliche Beratung gerne zur Verf\u00fcgung.<\/p>\n","protected":false},"excerpt":{"rendered":"<p>&nbsp; In dieser Kategorie stellen wir Ihnen aktuelle und neue Technologien f\u00fcr Ihr Zuhause vor. Lassen Sie sich inspirieren. Unsere Mitarbeiter stehen Ihnen f\u00fcr eine ausf\u00fchrliche Beratung gerne zur Verf\u00fcgung.<\/p>\n","protected":false},"author":1,"featured_media":0,"parent":0,"menu_order":4,"comment_status":"closed","ping_status":"closed","template":"","meta":{"ngg_post_thumbnail":0,"footnotes":""},"class_list":["post-251","page","type-page","status-publish","hentry"],"_links":{"self":[{"href":"https:\/\/www.sika-haus.de\/index.php?rest_route=\/wp\/v2\/pages\/251","targetHints":{"allow":["GET"]}}],"collection":[{"href":"https:\/\/www.sika-haus.de\/index.php?rest_route=\/wp\/v2\/pages"}],"about":[{"href":"https:\/\/www.sika-haus.de\/index.php?rest_route=\/wp\/v2\/types\/page"}],"author":[{"embeddable":true,"href":"https:\/\/www.sika-haus.de\/index.php?rest_route=\/wp\/v2\/users\/1"}],"replies":[{"embeddable":true,"href":"https:\/\/www.sika-haus.de\/index.php?rest_route=%2Fwp%2Fv2%2Fcomments&post=251"}],"version-history":[{"count":14,"href":"https:\/\/www.sika-haus.de\/index.php?rest_route=\/wp\/v2\/pages\/251\/revisions"}],"predecessor-version":[{"id":745,"href":"https:\/\/www.sika-haus.de\/index.php?rest_route=\/wp\/v2\/pages\/251\/revisions\/745"}],"wp:attachment":[{"href":"https:\/\/www.sika-haus.de\/index.php?rest_route=%2Fwp%2Fv2%2Fmedia&parent=251"}],"curies":[{"name":"wp","href":"https:\/\/api.w.org\/{rel}","templated":true}]}}