{"id":25,"date":"2015-10-20T16:40:13","date_gmt":"2015-10-20T14:40:13","guid":{"rendered":"https:\/\/www.creytec.com\/sikaneu2\/?page_id=25"},"modified":"2019-02-02T14:40:27","modified_gmt":"2019-02-02T13:40:27","slug":"aktuelle-bauvorhaben","status":"publish","type":"page","link":"https:\/\/www.sika-haus.de\/?page_id=25","title":{"rendered":"Angebote mit Grundst\u00fcck"},"content":{"rendered":"<p><em>M\u00f6chten Sie mit uns ein Haus bauen und haben noch kein Grundst\u00fcck? &#8211; <\/em>Kein Problem!<\/p>\n<p>Rufen Sie kostenlos unsere Berater an und diese werden f\u00fcr Sie ein passendes Grundst\u00fcck finden.<\/p>\n<p>Diesen Service bieten wir kostenlos f\u00fcr unsere Kunden an!<\/p>\n<p><a href=\"https:\/\/portal.immobilienscout24.de\/suche\/42580359\" target=\"_blank\" rel=\"noopener\">Hier finden Sie Angebote, welche wir auf Immobilienscout ver\u00f6ffentlicht haben<\/a><\/p>\n","protected":false},"excerpt":{"rendered":"<p>M\u00f6chten Sie mit uns ein Haus bauen und haben noch kein Grundst\u00fcck? &#8211; Kein Problem! Rufen Sie kostenlos unsere Berater an und diese werden f\u00fcr Sie ein passendes Grundst\u00fcck finden. Diesen Service bieten wir kostenlos f\u00fcr unsere Kunden an! Hier finden Sie Angebote, welche wir auf Immobilienscout ver\u00f6ffentlicht haben<\/p>\n","protected":false},"author":1,"featured_media":0,"parent":0,"menu_order":30,"comment_status":"closed","ping_status":"closed","template":"","meta":{"ngg_post_thumbnail":0,"footnotes":""},"class_list":["post-25","page","type-page","status-publish","hentry"],"_links":{"self":[{"href":"https:\/\/www.sika-haus.de\/index.php?rest_route=\/wp\/v2\/pages\/25","targetHints":{"allow":["GET"]}}],"collection":[{"href":"https:\/\/www.sika-haus.de\/index.php?rest_route=\/wp\/v2\/pages"}],"about":[{"href":"https:\/\/www.sika-haus.de\/index.php?rest_route=\/wp\/v2\/types\/page"}],"author":[{"embeddable":true,"href":"https:\/\/www.sika-haus.de\/index.php?rest_route=\/wp\/v2\/users\/1"}],"replies":[{"embeddable":true,"href":"https:\/\/www.sika-haus.de\/index.php?rest_route=%2Fwp%2Fv2%2Fcomments&post=25"}],"version-history":[{"count":37,"href":"https:\/\/www.sika-haus.de\/index.php?rest_route=\/wp\/v2\/pages\/25\/revisions"}],"predecessor-version":[{"id":551,"href":"https:\/\/www.sika-haus.de\/index.php?rest_route=\/wp\/v2\/pages\/25\/revisions\/551"}],"wp:attachment":[{"href":"https:\/\/www.sika-haus.de\/index.php?rest_route=%2Fwp%2Fv2%2Fmedia&parent=25"}],"curies":[{"name":"wp","href":"https:\/\/api.w.org\/{rel}","templated":true}]}}