{"id":23,"date":"2015-10-20T16:40:02","date_gmt":"2015-10-20T14:40:02","guid":{"rendered":"https:\/\/www.creytec.com\/sikaneu2\/?page_id=23"},"modified":"2016-03-30T15:56:41","modified_gmt":"2016-03-30T13:56:41","slug":"visuelle-planung","status":"publish","type":"page","link":"https:\/\/www.sika-haus.de\/?page_id=23","title":{"rendered":"Virtuelle Planung"},"content":{"rendered":"<p><img decoding=\"async\" class=\"alignleft\" src=\"http:\/\/www.sika-haus.de\/wp-content\/uploads\/2016\/03\/visuell1.jpg\" alt=\"\" border=\"0\" \/><\/p>\n<p>Gerne k\u00f6nnen wir Ihnen Ihr Traumhaus, individuell nach Ihren W\u00fcnschen und Vorstellungen, mit unserem professionellen 3-D Visualisierungsprogramm planen.<\/p>\n<p>Sie k\u00f6nnen dann gemeinsam mit unserem Team W\u00e4nde ver\u00e4ndern, Gauben oder z.B. Winterg\u00e4rten planen und dies alles direkt in 3-D auf unserem 50 Zoll Monitor anschauen.<\/p>\n<p>&nbsp;<\/p>\n<p>&nbsp;<\/p>\n<p><img decoding=\"async\" class=\"alignleft\" src=\"http:\/\/www.sika-haus.de\/wp-content\/uploads\/2016\/03\/visuell2.jpg\" alt=\"\" border=\"0\" \/><\/p>\n<p>&nbsp;<\/p>\n<p>Darstellung von M\u00f6bel, B\u00e4dern bis hin zur Gartengestaltung sind mit unserem professionellen Programm m\u00f6glich.<br \/>\nIn unserer <a href=\"http:\/\/www.sika-haus.de\/?page_id=215\"><b><span style=\"color: #0066cc;\">Galerie<\/span><\/b><\/a> k\u00f6nnen Sie verschiedene Haustypen sehen welche mit dem Visualisierungsprogramm entstanden sind.<\/p>\n<p>Ein Haus mit Satteldach in eine Stadthausvilla umzuplanen ist im Handumdrehen geschehen.<\/p>\n<p>&nbsp;<\/p>\n<p><b>Nutzen auch Sie unseren Service und nehmen Sie Kontakt zu uns auf.<\/b><\/p>\n","protected":false},"excerpt":{"rendered":"<p>Gerne k\u00f6nnen wir Ihnen Ihr Traumhaus, individuell nach Ihren W\u00fcnschen und Vorstellungen, mit unserem professionellen 3-D Visualisierungsprogramm planen. Sie k\u00f6nnen dann gemeinsam mit unserem Team W\u00e4nde ver\u00e4ndern, Gauben oder z.B. Winterg\u00e4rten planen und dies alles direkt in 3-D auf unserem 50 Zoll Monitor anschauen. &nbsp; &nbsp; &nbsp; Darstellung von M\u00f6bel, B\u00e4dern bis hin zur Gartengestaltung [&hellip;]<\/p>\n","protected":false},"author":1,"featured_media":0,"parent":2,"menu_order":16,"comment_status":"closed","ping_status":"closed","template":"","meta":{"ngg_post_thumbnail":0,"footnotes":""},"class_list":["post-23","page","type-page","status-publish","hentry"],"_links":{"self":[{"href":"https:\/\/www.sika-haus.de\/index.php?rest_route=\/wp\/v2\/pages\/23","targetHints":{"allow":["GET"]}}],"collection":[{"href":"https:\/\/www.sika-haus.de\/index.php?rest_route=\/wp\/v2\/pages"}],"about":[{"href":"https:\/\/www.sika-haus.de\/index.php?rest_route=\/wp\/v2\/types\/page"}],"author":[{"embeddable":true,"href":"https:\/\/www.sika-haus.de\/index.php?rest_route=\/wp\/v2\/users\/1"}],"replies":[{"embeddable":true,"href":"https:\/\/www.sika-haus.de\/index.php?rest_route=%2Fwp%2Fv2%2Fcomments&post=23"}],"version-history":[{"count":10,"href":"https:\/\/www.sika-haus.de\/index.php?rest_route=\/wp\/v2\/pages\/23\/revisions"}],"predecessor-version":[{"id":490,"href":"https:\/\/www.sika-haus.de\/index.php?rest_route=\/wp\/v2\/pages\/23\/revisions\/490"}],"up":[{"embeddable":true,"href":"https:\/\/www.sika-haus.de\/index.php?rest_route=\/wp\/v2\/pages\/2"}],"wp:attachment":[{"href":"https:\/\/www.sika-haus.de\/index.php?rest_route=%2Fwp%2Fv2%2Fmedia&parent=23"}],"curies":[{"name":"wp","href":"https:\/\/api.w.org\/{rel}","templated":true}]}}