{"id":15,"date":"2015-10-20T16:37:39","date_gmt":"2015-10-20T14:37:39","guid":{"rendered":"https:\/\/www.creytec.com\/sikaneu2\/?page_id=15"},"modified":"2021-05-18T12:45:00","modified_gmt":"2021-05-18T10:45:00","slug":"individuelle-planung","status":"publish","type":"page","link":"https:\/\/www.sika-haus.de\/?page_id=15","title":{"rendered":"Individuelle Planung"},"content":{"rendered":"<h2 class=\"art-PostHeader\">Individuelle Planung<\/h2>\n<div class=\"art-PostContent\">\n<div class=\"art-article\">\n<p><em>M\u00f6chten Sie Ihre ganz speziellen W\u00fcnsche und Vorstellungen realisieren? Wir planen und bauen Ihr <span class=\"standardtextfett\">individuelles Traumhaus<\/span>.<\/em><\/p>\n<p>Schon<img decoding=\"async\" class=\"alignleft\" src=\"http:\/\/www.sika-haus.de\/wp-content\/uploads\/2016\/03\/heinen.jpg\" alt=\"\" border=\"0\"> w\u00e4hrend der Planungsphase zeigen wir Ihnen Ihr Haus mit einem <span class=\"standardtextfett\">Visualisierungsprogramm<\/span>. So k\u00f6nnen Sie sich bereits vorab ein Bild von Ihrem Traumhaus machen und ggf. noch Erg\u00e4nzungen oder \u00c4nderungen vornehmen.<\/p>\n<p>Bei der individuelle Planung m\u00fcssen die Ma\u00dfe Ihres Grundst\u00fcckes und die Grundfl\u00e4che Ihres Hauses aufeinander abgestimmt, sowie wie s\u00e4mtliche Forderungen der Bauordnung ber\u00fccksichtigt werden. Dabei kommt Ihnen unsere langj\u00e4hrige Erfahrung zugute.<\/p>\n<p>&nbsp;<\/p>\n<p><img decoding=\"async\" class=\"alignleft\" src=\"http:\/\/www.sika-haus.de\/wp-content\/uploads\/2016\/03\/Buero.jpg\" alt=\"\" border=\"0\"><\/p>\n<p>Auch spezielle Vorstellungen bei der Raumaufteilung oder -ausrichtung setzen wir f\u00fcr Sie professionell um. Wir beachten die individuelle Einbindung Ihres Hauses in die Umgebung, entsprechend Ihren W\u00fcnschen und Vorstellungen.<\/p>\n<p>Sprechen Sie mit uns. Wir zeigen Ihnen die gesamte Palette der individuellen Gestaltungsm\u00f6glichkeiten, wie z.B. Erker, Gauben, Balkone, Terrassen und vieles mehr.&nbsp; Sie werden von dem Ergebnis begeistert sein.<\/p>\n<p>&nbsp;<\/p>\n<h2 class=\"art-PostHeader\">Individuelle Ausstattung<\/h2>\n<p>Auch bei den Ausstattungen steht die Individualit\u00e4t und Ihr Wunsch an erster Stelle. Vom Whirlpool bis zur Sauna planen und realisieren wir Ihre Vorstellungen.<\/p>\n<p><img decoding=\"async\" class=\"alignleft\" src=\"http:\/\/www.sika-haus.de\/wp-content\/uploads\/2016\/03\/individuell_haus_5.jpg\" alt=\"\" border=\"0\">&nbsp; &nbsp;<img decoding=\"async\" class=\"alignleft\" src=\"http:\/\/www.sika-haus.de\/wp-content\/uploads\/2016\/03\/individuell_bild_1.jpg\" alt=\"\" border=\"0\">&nbsp; &nbsp; &nbsp; &nbsp; <img decoding=\"async\" class=\"alignright\" src=\"http:\/\/www.sika-haus.de\/wp-content\/uploads\/2016\/03\/individuell_bild_2.jpg\" alt=\"\" border=\"0\">&nbsp; &nbsp; &nbsp; &nbsp; <img decoding=\"async\" class=\"alignright\" src=\"http:\/\/www.sika-haus.de\/wp-content\/uploads\/2016\/03\/individuell_bild_3.jpg\" alt=\"\" border=\"0\"><\/p>\n<\/div>\n<\/div>\n","protected":false},"excerpt":{"rendered":"<p>Individuelle Planung M\u00f6chten Sie Ihre ganz speziellen W\u00fcnsche und Vorstellungen realisieren? Wir planen und bauen Ihr individuelles Traumhaus. Schon w\u00e4hrend der Planungsphase zeigen wir Ihnen Ihr Haus mit einem Visualisierungsprogramm. So k\u00f6nnen Sie sich bereits vorab ein Bild von Ihrem Traumhaus machen und ggf. noch Erg\u00e4nzungen oder \u00c4nderungen vornehmen. Bei der individuelle Planung m\u00fcssen die [&hellip;]<\/p>\n","protected":false},"author":1,"featured_media":0,"parent":2,"menu_order":5,"comment_status":"closed","ping_status":"closed","template":"","meta":{"ngg_post_thumbnail":0,"footnotes":""},"class_list":["post-15","page","type-page","status-publish","hentry"],"_links":{"self":[{"href":"https:\/\/www.sika-haus.de\/index.php?rest_route=\/wp\/v2\/pages\/15","targetHints":{"allow":["GET"]}}],"collection":[{"href":"https:\/\/www.sika-haus.de\/index.php?rest_route=\/wp\/v2\/pages"}],"about":[{"href":"https:\/\/www.sika-haus.de\/index.php?rest_route=\/wp\/v2\/types\/page"}],"author":[{"embeddable":true,"href":"https:\/\/www.sika-haus.de\/index.php?rest_route=\/wp\/v2\/users\/1"}],"replies":[{"embeddable":true,"href":"https:\/\/www.sika-haus.de\/index.php?rest_route=%2Fwp%2Fv2%2Fcomments&post=15"}],"version-history":[{"count":6,"href":"https:\/\/www.sika-haus.de\/index.php?rest_route=\/wp\/v2\/pages\/15\/revisions"}],"predecessor-version":[{"id":707,"href":"https:\/\/www.sika-haus.de\/index.php?rest_route=\/wp\/v2\/pages\/15\/revisions\/707"}],"up":[{"embeddable":true,"href":"https:\/\/www.sika-haus.de\/index.php?rest_route=\/wp\/v2\/pages\/2"}],"wp:attachment":[{"href":"https:\/\/www.sika-haus.de\/index.php?rest_route=%2Fwp%2Fv2%2Fmedia&parent=15"}],"curies":[{"name":"wp","href":"https:\/\/api.w.org\/{rel}","templated":true}]}}