{"id":13,"date":"2015-10-20T16:36:52","date_gmt":"2015-10-20T14:36:52","guid":{"rendered":"https:\/\/www.creytec.com\/sikaneu2\/?page_id=13"},"modified":"2026-03-18T14:49:17","modified_gmt":"2026-03-18T13:49:17","slug":"mehrfamilienhaeuser","status":"publish","type":"page","link":"https:\/\/www.sika-haus.de\/?page_id=13","title":{"rendered":"Mehrfamilienh\u00e4user"},"content":{"rendered":"<p>Hier sehen Sie einen kleinen Auszug von Mehrfamilienh\u00e4usern, welche von uns geplant und errichtet wurden.<\/p>\n<p>Bitte denken Sie daran, dass jedes Modell individuell ver\u00e4ndert werden kann und wir Ihnen auch gerne Ihr pers\u00f6nliches Traumhaus planen und erstellen k\u00f6nnen.<\/p>\n<p>Fordern Sie auf unserem <a href=\"http:\/\/www.sika-haus.de\/?page_id=29\">Kontaktformular<\/a> kostenlos unseren Exposekatalog an.<\/p>\n<div id=\"attachment_722\" style=\"width: 2260px\" class=\"wp-caption aligncenter\"><img loading=\"lazy\" decoding=\"async\" aria-describedby=\"caption-attachment-722\" class=\"wp-image-722 size-full\" src=\"https:\/\/www.sika-haus.de\/wp-content\/uploads\/2021\/05\/MFH-mit-13WE-Alzey-Strasse-v1.jpg\" alt=\"\" width=\"2250\" height=\"1500\" srcset=\"https:\/\/www.sika-haus.de\/wp-content\/uploads\/2021\/05\/MFH-mit-13WE-Alzey-Strasse-v1.jpg 2250w, https:\/\/www.sika-haus.de\/wp-content\/uploads\/2021\/05\/MFH-mit-13WE-Alzey-Strasse-v1-300x200.jpg 300w, https:\/\/www.sika-haus.de\/wp-content\/uploads\/2021\/05\/MFH-mit-13WE-Alzey-Strasse-v1-1024x683.jpg 1024w, https:\/\/www.sika-haus.de\/wp-content\/uploads\/2021\/05\/MFH-mit-13WE-Alzey-Strasse-v1-768x512.jpg 768w, https:\/\/www.sika-haus.de\/wp-content\/uploads\/2021\/05\/MFH-mit-13WE-Alzey-Strasse-v1-1536x1024.jpg 1536w, https:\/\/www.sika-haus.de\/wp-content\/uploads\/2021\/05\/MFH-mit-13WE-Alzey-Strasse-v1-2048x1365.jpg 2048w\" sizes=\"auto, (max-width: 2250px) 100vw, 2250px\" \/><p id=\"caption-attachment-722\" class=\"wp-caption-text\">Mehrfamilienhaus in Alzey mit 13 Wohneinheiten und Tiefgarage.<\/p><\/div>\n<p>&nbsp;<\/p>\n<div id=\"attachment_749\" style=\"width: 1621px\" class=\"wp-caption aligncenter\"><img loading=\"lazy\" decoding=\"async\" aria-describedby=\"caption-attachment-749\" class=\"wp-image-749 size-full\" src=\"https:\/\/www.sika-haus.de\/wp-content\/uploads\/2021\/07\/MFH-Woerrstadt.png\" alt=\"\" width=\"1611\" height=\"948\" srcset=\"https:\/\/www.sika-haus.de\/wp-content\/uploads\/2021\/07\/MFH-Woerrstadt.png 1611w, https:\/\/www.sika-haus.de\/wp-content\/uploads\/2021\/07\/MFH-Woerrstadt-300x177.png 300w, https:\/\/www.sika-haus.de\/wp-content\/uploads\/2021\/07\/MFH-Woerrstadt-1024x603.png 1024w, https:\/\/www.sika-haus.de\/wp-content\/uploads\/2021\/07\/MFH-Woerrstadt-768x452.png 768w, https:\/\/www.sika-haus.de\/wp-content\/uploads\/2021\/07\/MFH-Woerrstadt-1536x904.png 1536w\" sizes=\"auto, (max-width: 1611px) 100vw, 1611px\" \/><p id=\"caption-attachment-749\" class=\"wp-caption-text\">Mehrfamilienhaus mit 4 Wohneinheiten in W\u00f6rrstadt.<\/p><\/div>\n<p>&nbsp;<\/p>\n<div id=\"attachment_709\" style=\"width: 1610px\" class=\"wp-caption aligncenter\"><img loading=\"lazy\" decoding=\"async\" aria-describedby=\"caption-attachment-709\" class=\"size-full wp-image-709\" src=\"https:\/\/www.sika-haus.de\/wp-content\/uploads\/2021\/05\/e29c47e7-7f95-4843-8af7-516685802592.jpg\" alt=\"\" width=\"1600\" height=\"1066\" srcset=\"https:\/\/www.sika-haus.de\/wp-content\/uploads\/2021\/05\/e29c47e7-7f95-4843-8af7-516685802592.jpg 1600w, https:\/\/www.sika-haus.de\/wp-content\/uploads\/2021\/05\/e29c47e7-7f95-4843-8af7-516685802592-300x200.jpg 300w, https:\/\/www.sika-haus.de\/wp-content\/uploads\/2021\/05\/e29c47e7-7f95-4843-8af7-516685802592-1024x682.jpg 1024w, https:\/\/www.sika-haus.de\/wp-content\/uploads\/2021\/05\/e29c47e7-7f95-4843-8af7-516685802592-768x512.jpg 768w, https:\/\/www.sika-haus.de\/wp-content\/uploads\/2021\/05\/e29c47e7-7f95-4843-8af7-516685802592-1536x1023.jpg 1536w\" sizes=\"auto, (max-width: 1600px) 100vw, 1600px\" \/><p id=\"caption-attachment-709\" class=\"wp-caption-text\">Mehrfamilienhaus mit 8 Wohneinheiten und 2 Penthouse-Wohnungen<\/p><\/div>\n<p>&nbsp;<\/p>\n<div id=\"attachment_710\" style=\"width: 2570px\" class=\"wp-caption aligncenter\"><img loading=\"lazy\" decoding=\"async\" aria-describedby=\"caption-attachment-710\" class=\"size-full wp-image-710\" src=\"https:\/\/www.sika-haus.de\/wp-content\/uploads\/2021\/05\/IMG_3911-scaled.jpg\" alt=\"Mehrfamilienhaus\" width=\"2560\" height=\"1819\" srcset=\"https:\/\/www.sika-haus.de\/wp-content\/uploads\/2021\/05\/IMG_3911-scaled.jpg 2560w, https:\/\/www.sika-haus.de\/wp-content\/uploads\/2021\/05\/IMG_3911-300x213.jpg 300w, https:\/\/www.sika-haus.de\/wp-content\/uploads\/2021\/05\/IMG_3911-1024x728.jpg 1024w, https:\/\/www.sika-haus.de\/wp-content\/uploads\/2021\/05\/IMG_3911-768x546.jpg 768w, https:\/\/www.sika-haus.de\/wp-content\/uploads\/2021\/05\/IMG_3911-1536x1091.jpg 1536w, https:\/\/www.sika-haus.de\/wp-content\/uploads\/2021\/05\/IMG_3911-2048x1455.jpg 2048w\" sizes=\"auto, (max-width: 2560px) 100vw, 2560px\" \/><p id=\"caption-attachment-710\" class=\"wp-caption-text\">Mehrfamilienhaus mit 7 Wohneinheiten<\/p><\/div>\n<p>&nbsp;<\/p>\n<div id=\"attachment_712\" style=\"width: 2570px\" class=\"wp-caption aligncenter\"><img loading=\"lazy\" decoding=\"async\" aria-describedby=\"caption-attachment-712\" class=\"size-full wp-image-712\" src=\"https:\/\/www.sika-haus.de\/wp-content\/uploads\/2021\/05\/IMG_3914-scaled.jpg\" alt=\"Mehrfamilienhaus\" width=\"2560\" height=\"1934\" srcset=\"https:\/\/www.sika-haus.de\/wp-content\/uploads\/2021\/05\/IMG_3914-scaled.jpg 2560w, https:\/\/www.sika-haus.de\/wp-content\/uploads\/2021\/05\/IMG_3914-300x227.jpg 300w, https:\/\/www.sika-haus.de\/wp-content\/uploads\/2021\/05\/IMG_3914-1024x774.jpg 1024w, https:\/\/www.sika-haus.de\/wp-content\/uploads\/2021\/05\/IMG_3914-768x580.jpg 768w, https:\/\/www.sika-haus.de\/wp-content\/uploads\/2021\/05\/IMG_3914-1536x1160.jpg 1536w, https:\/\/www.sika-haus.de\/wp-content\/uploads\/2021\/05\/IMG_3914-2048x1547.jpg 2048w\" sizes=\"auto, (max-width: 2560px) 100vw, 2560px\" \/><p id=\"caption-attachment-712\" class=\"wp-caption-text\">Mehrfamilienhaus mit 6 Wohneinheiten<\/p><\/div>\n\n\n<p><\/p>\n","protected":false},"excerpt":{"rendered":"<p>Hier sehen Sie einen kleinen Auszug von Mehrfamilienh\u00e4usern, welche von uns geplant und errichtet wurden. Bitte denken Sie daran, dass jedes Modell individuell ver\u00e4ndert werden kann und wir Ihnen auch gerne Ihr pers\u00f6nliches Traumhaus planen und erstellen k\u00f6nnen. Fordern Sie auf unserem Kontaktformular kostenlos unseren Exposekatalog an. &nbsp; &nbsp; &nbsp; &nbsp;<\/p>\n","protected":false},"author":1,"featured_media":0,"parent":2,"menu_order":3,"comment_status":"closed","ping_status":"closed","template":"","meta":{"ngg_post_thumbnail":0,"footnotes":""},"class_list":["post-13","page","type-page","status-publish","hentry"],"_links":{"self":[{"href":"https:\/\/www.sika-haus.de\/index.php?rest_route=\/wp\/v2\/pages\/13","targetHints":{"allow":["GET"]}}],"collection":[{"href":"https:\/\/www.sika-haus.de\/index.php?rest_route=\/wp\/v2\/pages"}],"about":[{"href":"https:\/\/www.sika-haus.de\/index.php?rest_route=\/wp\/v2\/types\/page"}],"author":[{"embeddable":true,"href":"https:\/\/www.sika-haus.de\/index.php?rest_route=\/wp\/v2\/users\/1"}],"replies":[{"embeddable":true,"href":"https:\/\/www.sika-haus.de\/index.php?rest_route=%2Fwp%2Fv2%2Fcomments&post=13"}],"version-history":[{"count":19,"href":"https:\/\/www.sika-haus.de\/index.php?rest_route=\/wp\/v2\/pages\/13\/revisions"}],"predecessor-version":[{"id":814,"href":"https:\/\/www.sika-haus.de\/index.php?rest_route=\/wp\/v2\/pages\/13\/revisions\/814"}],"up":[{"embeddable":true,"href":"https:\/\/www.sika-haus.de\/index.php?rest_route=\/wp\/v2\/pages\/2"}],"wp:attachment":[{"href":"https:\/\/www.sika-haus.de\/index.php?rest_route=%2Fwp%2Fv2%2Fmedia&parent=13"}],"curies":[{"name":"wp","href":"https:\/\/api.w.org\/{rel}","templated":true}]}}